{"id":92,"date":"2018-02-28T14:28:20","date_gmt":"2018-02-28T14:28:20","guid":{"rendered":"http:\/\/www.raven-engineering.com\/dev\/mx\/?page_id=92"},"modified":"2018-04-19T18:14:23","modified_gmt":"2018-04-19T18:14:23","slug":"balanceo-y-servicios-tecnicos","status":"publish","type":"page","link":"https:\/\/www.raven-engineering.com\/mx\/balanceo-y-servicios-tecnicos\/","title":{"rendered":"Balanceo y Servicios T\u00e9cnicos"},"content":{"rendered":"<div class=\"table\">\r\n  <h3 class=\"subtitle\">Servicios de Balanceo Interno<\/h3>\r\n  <div class=\"ezcol ezcol-one-half\">\r\n    <ul>\r\n      <li>Nuestras m\u00e1quinas de balanceo Horizontales y Verticales cubren una amplia variedad de productos<\/li>\r\n      <li>Las m\u00e1quinas de balanceo de Raven Engineering pueden manejar la mayor\u00eda de partes de hasta 113 kgs<\/li>\r\n      <li>Proveemos auditor\u00edas de partes, correcci\u00f3n de equilibrio y balance basado en las especificaciones del cliente. Proveemos auditor\u00edas de partes, y correcci\u00f3n de equilibrio<\/li>\r\n      <li>Balanceo de plano simple o plano m\u00faltiple son disponibles<\/li>\r\n      <li>Partes individuales o de producci\u00f3n alta son disponibles para nuestra clientela<\/li>\r\n      <li>Calibraci\u00f3n y certificaci\u00f3n para maestros de balance, piezas y pesos para el tercer partido<\/li>\r\n      <li>Documentaci\u00f3n de certificaci\u00f3n para maestros de Balance, piezas y pesos son todos trazables a los est\u00e1ndares del N.I.S.T.<\/li>\r\n      <li>Dise\u00f1o de herramientas y capabilidades de fabricaci\u00f3n para la operaci\u00f3n de balance<\/li>\r\n      <li>Balanceo de sistema de veh\u00edculo entero disponible<\/li>\r\n      <li>Raven Engineering puede adaptar balanceadores antiguos o otras m\u00e1quinas de fabricante con actualizaciones de instrumentaci\u00f3n de  balanceo<\/li>\r\n    <\/ul>\r\n  <\/div><div class=\"ezcol ezcol-one-half ezcol-last  center\">\r\n    <img decoding=\"async\" src=\"https:\/\/www.raven-engineering.com\/wp-content\/uploads\/2018\/02\/MK5_1059.jpg\" width=\"330\" \/>\r\n  <\/div><div class=\"ezcol-divider\"><\/div>\r\n  <h3 class=\"subtitle\">Servicios de Balanceo En Sitio<\/h3>\r\n  <p>La balanceadora port\u00e1til de Raven Engineering se puede utilizar para equilibrar todos los tipos de componentes y equipos rotativos en su planta. REI tambi\u00e9n puede proporcionar vibraci\u00f3n y an\u00e1lisis NVH.<\/p>\r\n  <div class=\"ezcol ezcol-one-half\">\r\n  <h3 class=\"subtitle\">Servicios T\u00e9cnicos Especiales<\/h3>\r\n  <p>An\u00e1lisis de veh\u00edculos enteros para evaluar el montaje, la estructura, y la resonancia.<\/p>\r\n  <ul>\r\n    <li>Instrumentaci\u00f3n de motores, transmisiones o m\u00e1quinas que est\u00e9n completamente operativas para determinar las caracter\u00edsticas de vibraci\u00f3n (similar a un electrocardiograma)<\/li>\r\n    <li>Determinar las causas de las vibraciones no deseadas y determinar c\u00f3mo corregirlos. Las correcciones involucran balanceo, alineaci\u00f3n o amortiguadores<\/li>\r\n  <\/ul>\r\n  <p>Balanceo y An\u00e1lisis de Vibraciones<\/p>\r\n  <ul>\r\n    <li>Algunos componentes vibran una vez por revoluci\u00f3n (1\/rev), lo cual es una buena indicaci\u00f3n de que el problema relacionado con el equilibrio y puede corregirse mediante el balanceo (agregando, quitando o cambiando la posici\u00f3n del peso)<\/li>\r\n    <li>El balanceo puede realizarse en sitio por razones de conveniencia (m\u00e1quinas, accesorios, etc.) o se puede hacer en nuestra tienda para componentes como cig\u00fce\u00f1ales, volantes, rotores, motores, etc.<\/li>\r\n    <li>Analizar los resultados de varias pruebas de balanceo puede proporcionar informaci\u00f3n \u00fatil con respecto a niveles de equilibrio normales, la variaci\u00f3n, y m\u00e9todos para corregir los procesos de fabricaci\u00f3n, dise\u00f1os e instalaciones<\/li>\r\n  <\/ul>\r\n<\/div><div class=\"ezcol ezcol-one-half ezcol-last  center\">\r\n  <img decoding=\"async\" src=\"https:\/\/www.raven-engineering.com\/wp-content\/uploads\/2018\/02\/Balanching-Technical-Services.png\" \/>\r\n<\/div><div class=\"ezcol-divider\"><\/div>\r\n<\/div>","protected":false},"excerpt":{"rendered":"Servicios de Balanceo Interno Servicios de Balanceo En Sitio La balanceadora port\u00e1til de Raven Engineering se puede utilizar para equilibrar todos los tipos de componentes y equipos rotativos en su planta. REI tambi\u00e9n puede proporcionar vibraci\u00f3n y an\u00e1lisis NVH.","protected":false},"author":1,"featured_media":15,"parent":0,"menu_order":0,"comment_status":"closed","ping_status":"closed","template":"page_templates\/internal-page.php","meta":{"_monsterinsights_skip_tracking":false,"_monsterinsights_sitenote_active":false,"_monsterinsights_sitenote_note":"","_monsterinsights_sitenote_category":0,"footnotes":""},"class_list":["post-92","page","type-page","status-publish","has-post-thumbnail","hentry"],"_links":{"self":[{"href":"https:\/\/www.raven-engineering.com\/mx\/wp-json\/wp\/v2\/pages\/92","targetHints":{"allow":["GET"]}}],"collection":[{"href":"https:\/\/www.raven-engineering.com\/mx\/wp-json\/wp\/v2\/pages"}],"about":[{"href":"https:\/\/www.raven-engineering.com\/mx\/wp-json\/wp\/v2\/types\/page"}],"author":[{"embeddable":true,"href":"https:\/\/www.raven-engineering.com\/mx\/wp-json\/wp\/v2\/users\/1"}],"replies":[{"embeddable":true,"href":"https:\/\/www.raven-engineering.com\/mx\/wp-json\/wp\/v2\/comments?post=92"}],"version-history":[{"count":4,"href":"https:\/\/www.raven-engineering.com\/mx\/wp-json\/wp\/v2\/pages\/92\/revisions"}],"predecessor-version":[{"id":245,"href":"https:\/\/www.raven-engineering.com\/mx\/wp-json\/wp\/v2\/pages\/92\/revisions\/245"}],"wp:featuredmedia":[{"embeddable":true,"href":"https:\/\/www.raven-engineering.com\/mx\/wp-json\/wp\/v2\/media\/15"}],"wp:attachment":[{"href":"https:\/\/www.raven-engineering.com\/mx\/wp-json\/wp\/v2\/media?parent=92"}],"curies":[{"name":"wp","href":"https:\/\/api.w.org\/{rel}","templated":true}]}}