{"id":88,"date":"2018-02-28T14:10:21","date_gmt":"2018-02-28T14:10:21","guid":{"rendered":"http:\/\/www.raven-engineering.com\/dev\/mx\/?page_id=88"},"modified":"2018-04-17T20:45:39","modified_gmt":"2018-04-17T20:45:39","slug":"ejes-de-transmision-y-productos-de-ingenieria","status":"publish","type":"page","link":"https:\/\/www.raven-engineering.com\/mx\/ejes-de-transmision-y-productos-de-ingenieria\/","title":{"rendered":"Ejes de Transmisi\u00f3n y Productos de Ingenier\u00eda"},"content":{"rendered":"<div class=\"container table\">\r\n<div class=\"adjust-columns\">\r\n  <div class=\"ezcol ezcol-two-third\">\r\n    <h3 class=\"subtitle\">Especificaciones de los Ejes de Transmisi\u00f3n<\/h3>\r\n    <img decoding=\"async\" src=\"https:\/\/www.raven-engineering.com\/wp-content\/uploads\/2018\/03\/Driveshafts-Internal.png\" class=\"float-img\" width=\"265\" \/>\r\n    <ul>\r\n      <li>Acero, aluminio y fibra de carbono<\/li>\r\n      <li>Pieza sola &#038; piezas m\u00faltiples<\/li>\r\n      <li>Junta Universal, Junta CV, Estriados<\/li>\r\n      <li>Piezas de reemplazo para Hot Rods,  veh\u00edculos a la medida, y veh\u00edculos de muestra<\/li>\r\n      <li>Veh\u00edculos de carrera, veh\u00edculos de carrera corta, veh\u00edculos de pista de tierra, NASCAR <\/li>\r\n      <li>Tracci\u00f3n en 4 ruedas, carreras sin camino, veh\u00edculos de grado militar<\/li>\r\n      <li>Ejes de Dyno<\/li>\r\n      <li>Balanceo de alta velocidad &#8211; hasta a 10,000 rpm<\/li>\r\n    <\/ul>\r\n  <\/div><div class=\"ezcol ezcol-one-third ezcol-last\">\r\n    <div class=\"accordion\"><div class=\"acc-handle\">Ejes de Transmisi\u00f3n<div class=\"expand-icon\" style=\"background-image:url(http:\/\/www.raven-engineering.com\/wp-content\/uploads\/2018\/01\/Accordion-Closed.png);\"><\/div><\/div><div class=\"acc-drawer\" style=\"\">Raven Engineering ofrece una l\u00ednea completa de ejes de transmisi\u00f3n para veh\u00edculos a la medida para casi cualquier aplicaci\u00f3n. Lo m\u00e1s probable es que si lo necesitas, ya hemos hecho uno similar. <div class=\"accordion-slider\"><div class=\"single-slide\"><img decoding=\"async\" src=\"https:\/\/www.raven-engineering.com\/mx\/wp-content\/uploads\/sites\/2\/2018\/02\/dep11-300x86.png\" \/><\/div><div class=\"single-slide\"><img decoding=\"async\" src=\"https:\/\/www.raven-engineering.com\/mx\/wp-content\/uploads\/sites\/2\/2018\/02\/dep13-300x213.png\" \/><\/div><div class=\"single-slide\"><img decoding=\"async\" src=\"https:\/\/www.raven-engineering.com\/mx\/wp-content\/uploads\/sites\/2\/2018\/02\/dep14-300x199.png\" \/><\/div><div class=\"single-slide\"><img decoding=\"async\" src=\"https:\/\/www.raven-engineering.com\/mx\/wp-content\/uploads\/sites\/2\/2018\/02\/dep15-300x89.png\" \/><\/div><div class=\"single-slide\"><img decoding=\"async\" src=\"https:\/\/www.raven-engineering.com\/mx\/wp-content\/uploads\/sites\/2\/2018\/02\/Driveshaft-300x221.png\" \/><\/div><\/div><\/div><\/div>\r\n  <\/div><div class=\"ezcol-divider\"><\/div>\r\n<\/div>\r\n<\/div>\r\n<div class=\"gear-divider\"><hr\/><\/div>\r\n<div class=\"container table\">\r\n<div class=\"adjust-columns engineered-padding\">\r\n  <div class=\"ezcol ezcol-two-third\">\r\n    <h3 class=\"subtitle\">Productos de Ingenier\u00eda<\/h3>\r\n    <img decoding=\"async\" src=\"https:\/\/www.raven-engineering.com\/wp-content\/uploads\/2018\/02\/Tdynadamp.jpg\" class=\"float-img\" width=\"265\" \/>\r\n    <ul>\r\n      <li>Masters de calibraci\u00f3n<\/li>\r\n      <li>Ejes de dinam\u00f3metro<\/li>\r\n      <li>Carros de herramientas y sistemas de control de inventario de herramientas<\/li>\r\n      <li>Pesos de anillo para cig\u00fce\u00f1ales <\/li>\r\n    <\/ul>\r\n  <\/div><div class=\"ezcol ezcol-one-third ezcol-last\">\r\n    <div class=\"accordion\"><div class=\"acc-handle\">Productos de Ingenier\u00eda<div class=\"expand-icon\" style=\"background-image:url(http:\/\/www.raven-engineering.com\/wp-content\/uploads\/2018\/01\/Accordion-Closed.png);\"><\/div><\/div><div class=\"acc-drawer\" style=\"\">Los productos de ingenier\u00eda son una especialidad de Raven Engineering. Con ingenier\u00eda minuciosa, r\u00e1pida, y precios competitivos, le traemos valor a sus proyectos.<div class=\"accordion-slider\"><div class=\"single-slide\"><img decoding=\"async\" src=\"https:\/\/www.raven-engineering.com\/mx\/wp-content\/uploads\/sites\/2\/2018\/02\/dep5-300x297.png\" \/><\/div><div class=\"single-slide\"><img decoding=\"async\" src=\"https:\/\/www.raven-engineering.com\/mx\/wp-content\/uploads\/sites\/2\/2018\/02\/dep4-300x225.png\" \/><\/div><div class=\"single-slide\"><img decoding=\"async\" src=\"https:\/\/www.raven-engineering.com\/mx\/wp-content\/uploads\/sites\/2\/2018\/02\/dep3-300x207.png\" \/><\/div><div class=\"single-slide\"><img decoding=\"async\" src=\"https:\/\/www.raven-engineering.com\/mx\/wp-content\/uploads\/sites\/2\/2018\/02\/dep2-300x200.png\" \/><\/div><div class=\"single-slide\"><img decoding=\"async\" src=\"https:\/\/www.raven-engineering.com\/mx\/wp-content\/uploads\/sites\/2\/2018\/02\/Engineered-Products-300x201.png\" \/><\/div><\/div><\/div><\/div>\r\n  <\/div><div class=\"ezcol-divider\"><\/div>\r\n<\/div>","protected":false},"excerpt":{"rendered":"","protected":false},"author":1,"featured_media":15,"parent":0,"menu_order":0,"comment_status":"closed","ping_status":"closed","template":"page_templates\/balancing-page.php","meta":{"_monsterinsights_skip_tracking":false,"_monsterinsights_sitenote_active":false,"_monsterinsights_sitenote_note":"","_monsterinsights_sitenote_category":0,"footnotes":""},"class_list":["post-88","page","type-page","status-publish","has-post-thumbnail","hentry"],"_links":{"self":[{"href":"https:\/\/www.raven-engineering.com\/mx\/wp-json\/wp\/v2\/pages\/88","targetHints":{"allow":["GET"]}}],"collection":[{"href":"https:\/\/www.raven-engineering.com\/mx\/wp-json\/wp\/v2\/pages"}],"about":[{"href":"https:\/\/www.raven-engineering.com\/mx\/wp-json\/wp\/v2\/types\/page"}],"author":[{"embeddable":true,"href":"https:\/\/www.raven-engineering.com\/mx\/wp-json\/wp\/v2\/users\/1"}],"replies":[{"embeddable":true,"href":"https:\/\/www.raven-engineering.com\/mx\/wp-json\/wp\/v2\/comments?post=88"}],"version-history":[{"count":6,"href":"https:\/\/www.raven-engineering.com\/mx\/wp-json\/wp\/v2\/pages\/88\/revisions"}],"predecessor-version":[{"id":240,"href":"https:\/\/www.raven-engineering.com\/mx\/wp-json\/wp\/v2\/pages\/88\/revisions\/240"}],"wp:featuredmedia":[{"embeddable":true,"href":"https:\/\/www.raven-engineering.com\/mx\/wp-json\/wp\/v2\/media\/15"}],"wp:attachment":[{"href":"https:\/\/www.raven-engineering.com\/mx\/wp-json\/wp\/v2\/media?parent=88"}],"curies":[{"name":"wp","href":"https:\/\/api.w.org\/{rel}","templated":true}]}}