{"id":81,"date":"2018-02-28T13:46:17","date_gmt":"2018-02-28T13:46:17","guid":{"rendered":"http:\/\/www.raven-engineering.com\/dev\/mx\/?page_id=81"},"modified":"2018-04-17T20:46:02","modified_gmt":"2018-04-17T20:46:02","slug":"sistemas-de-calibracion-y-medicion","status":"publish","type":"page","link":"https:\/\/www.raven-engineering.com\/mx\/sistemas-de-calibracion-y-medicion\/","title":{"rendered":"Sistemas de Calibraci\u00f3n y Medici\u00f3n"},"content":{"rendered":"<div class=\"adjust-columns\">\r\n  <div class=\"ezcol ezcol-two-third\">\r\n    <h3 class=\"subtitle\">Calibres Semiautom\u00e1ticos y Autom\u00e1ticos<\/h3>\r\n    <img decoding=\"async\" src=\"https:\/\/www.raven-engineering.com\/wp-content\/uploads\/2018\/02\/Gauging.jpg\" class=\"float-img\" width=\"265\" \/>\r\n    <ul>\r\n      <li>Dise\u00f1ados para medir par\u00e1metros dimensionales y geom\u00e9tricos espec\u00edficos<\/li>\r\n      <li>Construcci\u00f3n robusta para mayor tiempo de operaci\u00f3n y disponibilidad<\/li>\r\n      <li>Varias configuraciones son f\u00e1ciles de manejar y r\u00e1pidas de configurar<\/li>\r\n      <li>Rango de peso: 1kg &#8211; 100kg<\/li>\r\n      <li>Su construcci\u00f3n modular promueve la facilidad de mantenimiento<\/li>\r\n      <li>Ideal para laboratorios de inspecci\u00f3n y instalaciones de fabricaci\u00f3n completamente autom\u00e1ticos de alto volumen y completamente autom\u00e1ticas<\/li>\r\n    <\/ul>\r\n  <\/div><div class=\"ezcol ezcol-one-third ezcol-last\">\r\n    <div class=\"accordion\"><div class=\"acc-handle\">Calibradores de Sobremesa<div class=\"expand-icon\" style=\"background-image:url(http:\/\/www.raven-engineering.com\/wp-content\/uploads\/2018\/01\/Accordion-Closed.png);\"><\/div><\/div><div class=\"acc-drawer\" style=\"\"><p>Calibradores de Aire \/ Calibradores Electr\u00f3nicos \/ Calibradores de Aire Electr\u00f3nicos<\/p><div class=\"accordion-slider\"><div class=\"single-slide\"><img decoding=\"async\" src=\"https:\/\/www.raven-engineering.com\/mx\/wp-content\/uploads\/sites\/2\/2018\/03\/btg-300x183.png\" \/><\/div><div class=\"single-slide\"><img decoding=\"async\" src=\"https:\/\/www.raven-engineering.com\/mx\/wp-content\/uploads\/sites\/2\/2018\/03\/btg2-300x192.png\" \/><\/div><div class=\"single-slide\"><img decoding=\"async\" src=\"https:\/\/www.raven-engineering.com\/mx\/wp-content\/uploads\/sites\/2\/2018\/03\/btg3-300x195.png\" \/><\/div><\/div><\/div><\/div><div class=\"accordion\"><div class=\"acc-handle\">Calibradores de Mano y Herramientas<div class=\"expand-icon\" style=\"background-image:url(http:\/\/www.raven-engineering.com\/wp-content\/uploads\/2018\/01\/Accordion-Closed.png);\"><\/div><\/div><div class=\"acc-drawer\" style=\"\"><p>Una l\u00ednea completa de bloqueos de calibradores, revisado de calibradores, alfileres de medici\u00f3n, calibradores de enchufe, calibradores de broche, y calibradores de anillo. Tipos de contacto o de sonda de aire. Tenemos una soluci\u00f3n simple para hasta las mediciones m\u00e1s delicadas.<\/p><div class=\"accordion-slider\"><div class=\"single-slide\"><img decoding=\"async\" src=\"https:\/\/www.raven-engineering.com\/mx\/wp-content\/uploads\/sites\/2\/2018\/03\/hgt1-300x225.png\" \/><\/div><div class=\"single-slide\"><img decoding=\"async\" src=\"https:\/\/www.raven-engineering.com\/mx\/wp-content\/uploads\/sites\/2\/2018\/03\/hgt2-300x162.png\" \/><\/div><div class=\"single-slide\"><img decoding=\"async\" src=\"https:\/\/www.raven-engineering.com\/mx\/wp-content\/uploads\/sites\/2\/2018\/03\/hgt3-300x225.png\" \/><\/div><div class=\"single-slide\"><img decoding=\"async\" src=\"https:\/\/www.raven-engineering.com\/mx\/wp-content\/uploads\/sites\/2\/2018\/03\/hgt4-300x225.png\" \/><\/div><div class=\"single-slide\"><img decoding=\"async\" src=\"https:\/\/www.raven-engineering.com\/mx\/wp-content\/uploads\/sites\/2\/2018\/03\/hgt5-300x225.png\" \/><\/div><div class=\"single-slide\"><img decoding=\"async\" src=\"https:\/\/www.raven-engineering.com\/mx\/wp-content\/uploads\/sites\/2\/2018\/03\/hgt6-300x207.png\" \/><\/div><div class=\"single-slide\"><img decoding=\"async\" src=\"https:\/\/www.raven-engineering.com\/mx\/wp-content\/uploads\/sites\/2\/2018\/03\/hgt7-300x199.png\" \/><\/div><\/div><\/div><\/div><div class=\"accordion\"><div class=\"acc-handle\">Sondas y Cabezas de Calibre<div class=\"expand-icon\" style=\"background-image:url(http:\/\/www.raven-engineering.com\/wp-content\/uploads\/2018\/01\/Accordion-Closed.png);\"><\/div><\/div><div class=\"acc-drawer\" style=\"\">Sondas de medida (transductores inductivos) son disponibles con rangos de carrera de 0.25mm a 10.0 mm. Las cabezas de calibre son disponibles en configuraciones est\u00e1ndar y por encargo<div class=\"accordion-slider\"><div class=\"single-slide\"><img decoding=\"async\" src=\"https:\/\/www.raven-engineering.com\/mx\/wp-content\/uploads\/sites\/2\/2018\/02\/gauge1-300x225.png\" \/><\/div><div class=\"single-slide\"><img decoding=\"async\" src=\"https:\/\/www.raven-engineering.com\/mx\/wp-content\/uploads\/sites\/2\/2018\/02\/gauge3-300x273.png\" \/><\/div><div class=\"single-slide\"><img decoding=\"async\" src=\"https:\/\/www.raven-engineering.com\/mx\/wp-content\/uploads\/sites\/2\/2018\/02\/gauge4-300x273.png\" \/><\/div><div class=\"single-slide\"><img decoding=\"async\" src=\"https:\/\/www.raven-engineering.com\/mx\/wp-content\/uploads\/sites\/2\/2018\/02\/Probe-300x265.png\" \/><\/div><\/div><\/div><\/div><div class=\"accordion\"><div class=\"acc-handle\">Calibres de Banco y Elementos Fijos<div class=\"expand-icon\" style=\"background-image:url(http:\/\/www.raven-engineering.com\/wp-content\/uploads\/2018\/01\/Accordion-Closed.png);\"><\/div><\/div><div class=\"acc-drawer\" style=\"\">F\u00e1cil de mover. F\u00e1cil de operar. Disponemos de varias configuraciones diferentes para la medici\u00f3n de las caracter\u00edsticas de cualquier parte<div class=\"accordion-slider\"><div class=\"single-slide\"><img decoding=\"async\" src=\"https:\/\/www.raven-engineering.com\/mx\/wp-content\/uploads\/sites\/2\/2018\/02\/gauge11-300x212.png\" \/><\/div><div class=\"single-slide\"><img decoding=\"async\" src=\"https:\/\/www.raven-engineering.com\/mx\/wp-content\/uploads\/sites\/2\/2018\/02\/gauge12-300x225.png\" \/><\/div><div class=\"single-slide\"><img decoding=\"async\" src=\"https:\/\/www.raven-engineering.com\/mx\/wp-content\/uploads\/sites\/2\/2018\/02\/gauge13-300x209.png\" \/><\/div><div class=\"single-slide\"><img decoding=\"async\" src=\"https:\/\/www.raven-engineering.com\/mx\/wp-content\/uploads\/sites\/2\/2018\/02\/gauge15-183x300.png\" \/><\/div><div class=\"single-slide\"><img decoding=\"async\" src=\"https:\/\/www.raven-engineering.com\/mx\/wp-content\/uploads\/sites\/2\/2018\/02\/Bench-226x300.png\" \/><\/div><div class=\"single-slide\"><img decoding=\"async\" src=\"https:\/\/www.raven-engineering.com\/mx\/wp-content\/uploads\/sites\/2\/2018\/02\/bfg-300x201.png\" \/><\/div><\/div><\/div><\/div><div class=\"accordion\"><div class=\"acc-handle\">Medidores Semiautom\u00e1ticos<div class=\"expand-icon\" style=\"background-image:url(http:\/\/www.raven-engineering.com\/wp-content\/uploads\/2018\/01\/Accordion-Closed.png);\"><\/div><\/div><div class=\"acc-drawer\" style=\"\">Cargados manualmente pero con operaci\u00f3n 100% autom\u00e1tica, nuestros medidores semiautom\u00e1ticos son econ\u00f3micamente eficientes en operaciones de bajo volumen sin sacrificar la calidad de las medidas.<div class=\"accordion-slider\"><div class=\"single-slide\"><img decoding=\"async\" src=\"https:\/\/www.raven-engineering.com\/mx\/wp-content\/uploads\/sites\/2\/2018\/02\/gauge22-300x226.png\" \/><\/div><div class=\"single-slide\"><img decoding=\"async\" src=\"https:\/\/www.raven-engineering.com\/mx\/wp-content\/uploads\/sites\/2\/2018\/02\/gauge23-300x225.png\" \/><\/div><div class=\"single-slide\"><img decoding=\"async\" src=\"https:\/\/www.raven-engineering.com\/mx\/wp-content\/uploads\/sites\/2\/2018\/02\/gauge24-246x300.png\" \/><\/div><div class=\"single-slide\"><img decoding=\"async\" src=\"https:\/\/www.raven-engineering.com\/mx\/wp-content\/uploads\/sites\/2\/2018\/02\/gauge25-248x300.png\" \/><\/div><div class=\"single-slide\"><img decoding=\"async\" src=\"https:\/\/www.raven-engineering.com\/mx\/wp-content\/uploads\/sites\/2\/2018\/02\/Semi-Automatic-300x211.png\" \/><\/div><\/div><\/div><\/div><div class=\"accordion\"><div class=\"acc-handle\">Medidores Autom\u00e1ticos<div class=\"expand-icon\" style=\"background-image:url(http:\/\/www.raven-engineering.com\/wp-content\/uploads\/2018\/01\/Accordion-Closed.png);\"><\/div><\/div><div class=\"acc-drawer\" style=\"\">Todos los medidores autom\u00e1ticos de Raven Engineering son dise\u00f1ados para medir el 100% de tus partes r\u00e1pidamente y efectivamente con amplio tiempo de operaci\u00f3n y disponibilidad.<div class=\"accordion-slider\"><div class=\"single-slide\"><img decoding=\"async\" src=\"https:\/\/www.raven-engineering.com\/mx\/wp-content\/uploads\/sites\/2\/2018\/02\/gauge32-225x300.png\" \/><\/div><div class=\"single-slide\"><img decoding=\"async\" src=\"https:\/\/www.raven-engineering.com\/mx\/wp-content\/uploads\/sites\/2\/2018\/02\/gauge33-300x193.png\" \/><\/div><div class=\"single-slide\"><img decoding=\"async\" src=\"https:\/\/www.raven-engineering.com\/mx\/wp-content\/uploads\/sites\/2\/2018\/02\/gauge34-300x258.png\" \/><\/div><div class=\"single-slide\"><img decoding=\"async\" src=\"https:\/\/www.raven-engineering.com\/mx\/wp-content\/uploads\/sites\/2\/2018\/02\/gauge35-225x300.png\" \/><\/div><div class=\"single-slide\"><img decoding=\"async\" src=\"https:\/\/www.raven-engineering.com\/mx\/wp-content\/uploads\/sites\/2\/2018\/02\/Automatic-300x211.png\" \/><\/div><\/div><\/div><\/div>\r\n  <\/div><div class=\"ezcol-divider\"><\/div>\r\n<\/div>","protected":false},"excerpt":{"rendered":"","protected":false},"author":1,"featured_media":15,"parent":0,"menu_order":0,"comment_status":"closed","ping_status":"closed","template":"page_templates\/internal-page.php","meta":{"_monsterinsights_skip_tracking":false,"_monsterinsights_sitenote_active":false,"_monsterinsights_sitenote_note":"","_monsterinsights_sitenote_category":0,"footnotes":""},"class_list":["post-81","page","type-page","status-publish","has-post-thumbnail","hentry"],"_links":{"self":[{"href":"https:\/\/www.raven-engineering.com\/mx\/wp-json\/wp\/v2\/pages\/81","targetHints":{"allow":["GET"]}}],"collection":[{"href":"https:\/\/www.raven-engineering.com\/mx\/wp-json\/wp\/v2\/pages"}],"about":[{"href":"https:\/\/www.raven-engineering.com\/mx\/wp-json\/wp\/v2\/types\/page"}],"author":[{"embeddable":true,"href":"https:\/\/www.raven-engineering.com\/mx\/wp-json\/wp\/v2\/users\/1"}],"replies":[{"embeddable":true,"href":"https:\/\/www.raven-engineering.com\/mx\/wp-json\/wp\/v2\/comments?post=81"}],"version-history":[{"count":4,"href":"https:\/\/www.raven-engineering.com\/mx\/wp-json\/wp\/v2\/pages\/81\/revisions"}],"predecessor-version":[{"id":243,"href":"https:\/\/www.raven-engineering.com\/mx\/wp-json\/wp\/v2\/pages\/81\/revisions\/243"}],"wp:featuredmedia":[{"embeddable":true,"href":"https:\/\/www.raven-engineering.com\/mx\/wp-json\/wp\/v2\/media\/15"}],"wp:attachment":[{"href":"https:\/\/www.raven-engineering.com\/mx\/wp-json\/wp\/v2\/media?parent=81"}],"curies":[{"name":"wp","href":"https:\/\/api.w.org\/{rel}","templated":true}]}}