{"id":64,"date":"2018-02-28T13:12:32","date_gmt":"2018-02-28T13:12:32","guid":{"rendered":"http:\/\/www.raven-engineering.com\/dev\/mx\/?page_id=64"},"modified":"2018-04-17T20:45:51","modified_gmt":"2018-04-17T20:45:51","slug":"maquinas-balanceadoras","status":"publish","type":"page","link":"https:\/\/www.raven-engineering.com\/mx\/maquinas-balanceadoras\/","title":{"rendered":"M\u00e1quinas Balanceadoras"},"content":{"rendered":"<div class=\"container table\">\r\n  <div class=\"ezcol ezcol-two-third  horizontal-machines\">\r\n    <h3 class=\"subtitle\">M\u00e1quinas Horizontales<\/h3>\r\n    <img decoding=\"async\" src=\"https:\/\/www.raven-engineering.com\/wp-content\/uploads\/2017\/12\/horizontalmachine.png\" class=\"float-img\" width=\"265\" \/>\r\n    <ul>\r\n      <li>Universal, horizontal, est\u00e1tica (plano individual) y din\u00e1mica (plano dual)<\/li>\r\n      <li>Suspensi\u00f3n de soporte duro para un mayor tiempo de operaci\u00f3n y disponibilidad<\/li>\r\n      <li>Varias configuraciones que son f\u00e1ciles de operar y que se puedan configurar r\u00e1pidamente<\/li>\r\n      <li>Completamente ajustable para alojar una amplia variedad de partes<\/li>\r\n      <li>Rango de peso de partes: 1kg &#8211; 10,000 kg<\/li>\r\n      <li>Construcci\u00f3n modular promueve la facilidad de mantenimiento<\/li>\r\n      <li>Ideal para laboratorios de inspecci\u00f3n y talleres de trabajo en los que se requiere una auditor\u00eda de balance estad\u00edstico, ciclos de producci\u00f3n cortos o  balanceo \u00fanico<\/li>\r\n      <li>Completamente ajustable para alojar una amplia variedad de partes<\/li>\r\n      <li>Control computarizado de instrumentos y motores de balanceo HBI-25 y motores de balanceo HBI-25 de \u00faltima generaci\u00f3n<\/li>\r\n    <\/ul>\r\n  <\/div><div class=\"ezcol ezcol-one-third ezcol-last\">\r\n    <div class=\"accordion\"><div class=\"acc-handle\">Balanceadores de Componentes de Eje<div class=\"expand-icon\" style=\"background-image:url(http:\/\/www.raven-engineering.com\/wp-content\/uploads\/2018\/01\/Accordion-Closed.png);\"><\/div><\/div><div class=\"acc-drawer\" style=\"\">M\u00e1quinas manuales, autom\u00e1ticas y semiautom\u00e1ticas para portadores de eje son disponibles como m\u00e1quinas de inspecci\u00f3n o m\u00e1quinas de correcci\u00f3n de balance. Sistemas de precisi\u00f3n garantizan resultados precisos y repetibles.<div class=\"accordion-slider\"><div class=\"single-slide\"><img decoding=\"async\" src=\"https:\/\/www.raven-engineering.com\/mx\/wp-content\/uploads\/sites\/2\/2018\/02\/hbm41-300x201.png\" \/><\/div><div class=\"single-slide\"><img decoding=\"async\" src=\"https:\/\/www.raven-engineering.com\/mx\/wp-content\/uploads\/sites\/2\/2018\/02\/hbm42-300x194.png\" \/><\/div><div class=\"single-slide\"><img decoding=\"async\" src=\"https:\/\/www.raven-engineering.com\/mx\/wp-content\/uploads\/sites\/2\/2018\/02\/hbm44-300x205.png\" \/><\/div><div class=\"single-slide\"><img decoding=\"async\" src=\"https:\/\/www.raven-engineering.com\/mx\/wp-content\/uploads\/sites\/2\/2018\/02\/hbm45-300x200.png\" \/><\/div><div class=\"single-slide\"><img decoding=\"async\" src=\"https:\/\/www.raven-engineering.com\/mx\/wp-content\/uploads\/sites\/2\/2018\/02\/Horizontal-Axle-300x200.png\" \/><\/div><\/div><\/div><\/div><div class=\"accordion\"><div class=\"acc-handle\">Balanceadores de Eje de Transmisi\u00f3n<div class=\"expand-icon\" style=\"background-image:url(http:\/\/www.raven-engineering.com\/wp-content\/uploads\/2018\/01\/Accordion-Closed.png);\"><\/div><\/div><div class=\"acc-drawer\" style=\"\">Las balanceadoras de eje de transmisi\u00f3n de Raven Engineering pueden manejar \u00e1rboles de h\u00e9lice simples o compuestos de m\u00faltiples piezas con funciones manuales, semiautom\u00e1ticas o totalmente autom\u00e1ticas. Tambi\u00e9n son disponibles sistemas de balanceo de peso manuales o autom\u00e1ticas.<div class=\"accordion-slider\"><div class=\"single-slide\"><img decoding=\"async\" src=\"https:\/\/www.raven-engineering.com\/mx\/wp-content\/uploads\/sites\/2\/2018\/02\/hbm32-300x225.png\" \/><\/div><div class=\"single-slide\"><img decoding=\"async\" src=\"https:\/\/www.raven-engineering.com\/mx\/wp-content\/uploads\/sites\/2\/2018\/02\/hbm33-300x225.png\" \/><\/div><div class=\"single-slide\"><img decoding=\"async\" src=\"https:\/\/www.raven-engineering.com\/mx\/wp-content\/uploads\/sites\/2\/2018\/02\/hbm34-300x200.png\" \/><\/div><div class=\"single-slide\"><img decoding=\"async\" src=\"https:\/\/www.raven-engineering.com\/mx\/wp-content\/uploads\/sites\/2\/2018\/02\/hbm35-300x225.png\" \/><\/div><div class=\"single-slide\"><img decoding=\"async\" src=\"https:\/\/www.raven-engineering.com\/mx\/wp-content\/uploads\/sites\/2\/2018\/02\/Horizontal-Driveshaft-300x225.png\" \/><\/div><\/div><\/div><\/div><div class=\"accordion\"><div class=\"acc-handle\">Balanceadores para Cig\u00fce\u00f1ales<div class=\"expand-icon\" style=\"background-image:url(http:\/\/www.raven-engineering.com\/wp-content\/uploads\/2018\/01\/Accordion-Closed.png);\"><\/div><\/div><div class=\"acc-drawer\" style=\"\">Disponible en configuraciones manuales o semiautom\u00e1ticas, los balanceadores de cig\u00fce\u00f1al de Raven Engineering miden desequilibrio din\u00e1micamente. La perforaci\u00f3n puede ser manual o autom\u00e1tica.<div class=\"accordion-slider\"><div class=\"single-slide\"><img decoding=\"async\" src=\"https:\/\/www.raven-engineering.com\/mx\/wp-content\/uploads\/sites\/2\/2018\/02\/hbm21-300x197.png\" \/><\/div><div class=\"single-slide\"><img decoding=\"async\" src=\"https:\/\/www.raven-engineering.com\/mx\/wp-content\/uploads\/sites\/2\/2018\/02\/hbm23-300x225.png\" \/><\/div><div class=\"single-slide\"><img decoding=\"async\" src=\"https:\/\/www.raven-engineering.com\/mx\/wp-content\/uploads\/sites\/2\/2018\/02\/hbm24-300x200.png\" \/><\/div><div class=\"single-slide\"><img decoding=\"async\" src=\"https:\/\/www.raven-engineering.com\/mx\/wp-content\/uploads\/sites\/2\/2018\/02\/Horizontal-Crankshaft-300x200.png\" \/><\/div><\/div><\/div><\/div><div class=\"accordion\"><div class=\"acc-handle\">Balanceadores para Ventiladores<div class=\"expand-icon\" style=\"background-image:url(http:\/\/www.raven-engineering.com\/wp-content\/uploads\/2018\/01\/Accordion-Closed.png);\"><\/div><\/div><div class=\"acc-drawer\" style=\"\">M\u00e1quinas de alta precisi\u00f3n para ventiladores, soplantes o impulsores: las m\u00e1quinas son disponibles en cargas y descargas manuales y pueden medir desequilibrios est\u00e1ticos y din\u00e1micos. Correcciones se pueden hacer ya sea a\u00f1adiendo pesos o eliminando material.<div class=\"accordion-slider\"><div class=\"single-slide\"><img decoding=\"async\" src=\"https:\/\/www.raven-engineering.com\/mx\/wp-content\/uploads\/sites\/2\/2018\/02\/hbm11-300x200.png\" \/><\/div><div class=\"single-slide\"><img decoding=\"async\" src=\"https:\/\/www.raven-engineering.com\/mx\/wp-content\/uploads\/sites\/2\/2018\/02\/hbm12-300x204.png\" \/><\/div><div class=\"single-slide\"><img decoding=\"async\" src=\"https:\/\/www.raven-engineering.com\/mx\/wp-content\/uploads\/sites\/2\/2018\/02\/hbm14-300x225.png\" \/><\/div><div class=\"single-slide\"><img decoding=\"async\" src=\"https:\/\/www.raven-engineering.com\/mx\/wp-content\/uploads\/sites\/2\/2018\/02\/hbm15-300x225.png\" \/><\/div><div class=\"single-slide\"><img decoding=\"async\" src=\"https:\/\/www.raven-engineering.com\/mx\/wp-content\/uploads\/sites\/2\/2018\/02\/Horizontal-Fan-300x220.png\" \/><\/div><\/div><\/div><\/div><div class=\"accordion\"><div class=\"acc-handle\">Balanceadores de Armazones<div class=\"expand-icon\" style=\"background-image:url(http:\/\/www.raven-engineering.com\/wp-content\/uploads\/2018\/01\/Accordion-Closed.png);\"><\/div><\/div><div class=\"acc-drawer\" style=\"\">Los balanceadores de armazones de Raven Engineering son disponibles en configuraciones manuales, semiautom\u00e1ticas y completamente autom\u00e1ticas para motores el\u00e9ctricos peque\u00f1os.  La eliminaci\u00f3n de peso se compensa ya sea utilizando cortadores de precisi\u00f3n \"V,\" contorno, fresado, o taladro<div class=\"accordion-slider\"><div class=\"single-slide\"><img decoding=\"async\" src=\"https:\/\/www.raven-engineering.com\/mx\/wp-content\/uploads\/sites\/2\/2018\/02\/hbm1-300x225.png\" \/><\/div><div class=\"single-slide\"><img decoding=\"async\" src=\"https:\/\/www.raven-engineering.com\/mx\/wp-content\/uploads\/sites\/2\/2018\/02\/hbm3-300x225.png\" \/><\/div><div class=\"single-slide\"><img decoding=\"async\" src=\"https:\/\/www.raven-engineering.com\/mx\/wp-content\/uploads\/sites\/2\/2018\/02\/hbm4-300x300.png\" \/><\/div><div class=\"single-slide\"><img decoding=\"async\" src=\"https:\/\/www.raven-engineering.com\/mx\/wp-content\/uploads\/sites\/2\/2018\/02\/hbm5-300x200.png\" \/><\/div><div class=\"single-slide\"><img decoding=\"async\" src=\"https:\/\/www.raven-engineering.com\/mx\/wp-content\/uploads\/sites\/2\/2018\/02\/Horizontal-Armature-225x300.png\" \/><\/div><\/div><\/div><\/div>\r\n  <\/div><div class=\"ezcol-divider\"><\/div>\r\n<\/div>\r\n\r\n<div class=\"gear-divider\"><hr\/><\/div>\r\n\r\n<div class=\"container\">\r\n  <div class=\"ezcol ezcol-two-third  vertical-machines\">\r\n    <h3 class=\"subtitle\">M\u00e1quinas Verticales<\/h3>\r\n    <img decoding=\"async\" src=\"https:\/\/www.raven-engineering.com\/wp-content\/uploads\/2017\/12\/verticalmachine.png\" class=\"float-img\" width=\"275\" \/>\r\n    <ul>\r\n      <li>Rotaci\u00f3n universal, vertical, est\u00e1tica y din\u00e1mica (plano sencillo y plano doble)<\/li>\r\n      <li>Suspensi\u00f3n  firme y robusta para un mayor tiempo de operaci\u00f3n y disponibilidad<\/li>\r\n      <li>Varias configuraciones que son f\u00e1ciles de operar y que se pueden configurar r\u00e1pidamente<\/li>\r\n      <li>Totalmente ajustable para acomodar una amplia variedad de piezas<\/li>\r\n      <li>Rango de peso: 1kg &#8211; 500 kg<\/li>\r\n      <li>Disponemos de sistemas para comprobaci\u00f3n solamente o con correcci\u00f3n incorporada<\/li>\r\n      <li>Ideal para laboratorios de inspecci\u00f3n y talleres de trabajo en los que se requieran comprobaci\u00f3n estad\u00edstica del balanceo, ciclos de producci\u00f3n cortos o balanceo por una sola vez<\/li>\r\n      <li>Control computarizado de instrumentos y motores de balanceo HBI-25 de \u00faltima generaci\u00f3n<\/li>\r\n    <\/ul>\r\n  <\/div><div class=\"ezcol ezcol-one-third ezcol-last\">\r\n    <div class=\"accordion\"><div class=\"acc-handle\">Balanceadores de Componentes de Eje<div class=\"expand-icon\" style=\"background-image:url(http:\/\/www.raven-engineering.com\/wp-content\/uploads\/2018\/01\/Accordion-Closed.png);\"><\/div><\/div><div class=\"acc-drawer\" style=\"\">M\u00e1quinas manuales, autom\u00e1ticas y semiautom\u00e1ticas para portadores de eje son disponibles como m\u00e1quinas de inspecci\u00f3n o m\u00e1quinas de correcci\u00f3n de balance. Sistemas de precisi\u00f3n garantizan resultados precisos y repetibles.<div class=\"accordion-slider\"><div class=\"single-slide\"><img decoding=\"async\" src=\"https:\/\/www.raven-engineering.com\/mx\/wp-content\/uploads\/sites\/2\/2018\/02\/vbm41-208x300.png\" \/><\/div><div class=\"single-slide\"><img decoding=\"async\" src=\"https:\/\/www.raven-engineering.com\/mx\/wp-content\/uploads\/sites\/2\/2018\/02\/Vertical-Axle-Component-Balancers.png\" \/><\/div><\/div><\/div><\/div><div class=\"accordion\"><div class=\"acc-handle\">Balanceadores de Rotor y Tambor de Frenos<div class=\"expand-icon\" style=\"background-image:url(http:\/\/www.raven-engineering.com\/wp-content\/uploads\/2018\/01\/Accordion-Closed.png);\"><\/div><\/div><div class=\"acc-drawer\" style=\"\">Las m\u00e1quinas de rotor de freno son disponibles en configuraciones manuales, semiautom\u00e1ticas y totalmente autom\u00e1ticas de cualquier tama\u00f1o. Equilibrio se obtiene por medio de fresado de contorno, o incluso perforaci\u00f3n en algunos tambores.<div class=\"accordion-slider\"><div class=\"single-slide\"><img decoding=\"async\" src=\"https:\/\/www.raven-engineering.com\/mx\/wp-content\/uploads\/sites\/2\/2018\/02\/vbm31-300x225.png\" \/><\/div><div class=\"single-slide\"><img decoding=\"async\" src=\"https:\/\/www.raven-engineering.com\/mx\/wp-content\/uploads\/sites\/2\/2018\/02\/vbm32-300x235.png\" \/><\/div><div class=\"single-slide\"><img decoding=\"async\" src=\"https:\/\/www.raven-engineering.com\/mx\/wp-content\/uploads\/sites\/2\/2018\/02\/vbm33-300x241.png\" \/><\/div><div class=\"single-slide\"><img decoding=\"async\" src=\"https:\/\/www.raven-engineering.com\/mx\/wp-content\/uploads\/sites\/2\/2018\/02\/vbm34-300x258.png\" \/><\/div><div class=\"single-slide\"><img decoding=\"async\" src=\"https:\/\/www.raven-engineering.com\/mx\/wp-content\/uploads\/sites\/2\/2018\/02\/Vertical-Brake-Rotor.png\" \/><\/div><\/div><\/div><\/div><div class=\"accordion\"><div class=\"acc-handle\">Balanceadores de Embrague y Volante<div class=\"expand-icon\" style=\"background-image:url(http:\/\/www.raven-engineering.com\/wp-content\/uploads\/2018\/01\/Accordion-Closed.png);\"><\/div><\/div><div class=\"acc-drawer\" style=\"\">Balanceadores de embrague y volante son disponibles en configuraciones manuales, semiautom\u00e1ticas y totalmente autom\u00e1ticas. Equilibrio se obtiene por medio de  taladrado, fresado, punzonado y entallado. Soldadura tambi\u00e9n es disponible para la fijaci\u00f3n de pesos de equilibrio.<div class=\"accordion-slider\"><div class=\"single-slide\"><img decoding=\"async\" src=\"https:\/\/www.raven-engineering.com\/mx\/wp-content\/uploads\/sites\/2\/2018\/02\/vbm21-300x259.png\" \/><\/div><div class=\"single-slide\"><img decoding=\"async\" src=\"https:\/\/www.raven-engineering.com\/mx\/wp-content\/uploads\/sites\/2\/2018\/02\/vbm22-300x220.png\" \/><\/div><div class=\"single-slide\"><img decoding=\"async\" src=\"https:\/\/www.raven-engineering.com\/mx\/wp-content\/uploads\/sites\/2\/2018\/02\/vbm24-300x226.png\" \/><\/div><div class=\"single-slide\"><img decoding=\"async\" src=\"https:\/\/www.raven-engineering.com\/mx\/wp-content\/uploads\/sites\/2\/2018\/02\/vbm25-300x200.png\" \/><\/div><div class=\"single-slide\"><img decoding=\"async\" src=\"https:\/\/www.raven-engineering.com\/mx\/wp-content\/uploads\/sites\/2\/2018\/02\/Vertical-Clutch-300x210.png\" \/><\/div><\/div><\/div><\/div><div class=\"accordion\"><div class=\"acc-handle\">Balanceadores Para Partes de Transmisi\u00f3n<div class=\"expand-icon\" style=\"background-image:url(http:\/\/www.raven-engineering.com\/wp-content\/uploads\/2018\/01\/Accordion-Closed.png);\"><\/div><\/div><div class=\"acc-drawer\" style=\"\">Los balanceadores de partes de transmisi\u00f3n de Raven Engineering est\u00e1n disponibles en configuraciones manuales, semiautom\u00e1ticas y totalmente autom\u00e1ticas para casi cualquier configuraci\u00f3n de pieza.<div class=\"accordion-slider\"><div class=\"single-slide\"><img decoding=\"async\" src=\"https:\/\/www.raven-engineering.com\/mx\/wp-content\/uploads\/sites\/2\/2018\/02\/vbm12-300x200.png\" \/><\/div><div class=\"single-slide\"><img decoding=\"async\" src=\"https:\/\/www.raven-engineering.com\/mx\/wp-content\/uploads\/sites\/2\/2018\/02\/vbm13-300x254.png\" \/><\/div><div class=\"single-slide\"><img decoding=\"async\" src=\"https:\/\/www.raven-engineering.com\/mx\/wp-content\/uploads\/sites\/2\/2018\/02\/vbm14-226x300.png\" \/><\/div><div class=\"single-slide\"><img decoding=\"async\" src=\"https:\/\/www.raven-engineering.com\/mx\/wp-content\/uploads\/sites\/2\/2018\/02\/vbm15-300x225.png\" \/><\/div><div class=\"single-slide\"><img decoding=\"async\" src=\"https:\/\/www.raven-engineering.com\/mx\/wp-content\/uploads\/sites\/2\/2018\/02\/Vertical-Transmission-300x274.png\" \/><\/div><\/div><\/div><\/div><div class=\"accordion\"><div class=\"acc-handle\">Balanceadores Para Ventiladores<div class=\"expand-icon\" style=\"background-image:url(http:\/\/www.raven-engineering.com\/wp-content\/uploads\/2018\/01\/Accordion-Closed.png);\"><\/div><\/div><div class=\"acc-drawer\" style=\"\">M\u00e1quinas de alta precisi\u00f3n para ventiladores, soplantes o impulsores: estas m\u00e1quinas est\u00e1n disponibles en cargas y descargas manuales y pueden medir el desequilibrio est\u00e1tico. Correcciones se pueden hacer ya sea a\u00f1adiendo pesos o eliminando material.<div class=\"accordion-slider\"><div class=\"single-slide\"><img decoding=\"async\" src=\"https:\/\/www.raven-engineering.com\/mx\/wp-content\/uploads\/sites\/2\/2018\/02\/vbm1-219x300.png\" \/><\/div><div class=\"single-slide\"><img decoding=\"async\" src=\"https:\/\/www.raven-engineering.com\/mx\/wp-content\/uploads\/sites\/2\/2018\/02\/vbm3-220x300.png\" \/><\/div><div class=\"single-slide\"><img decoding=\"async\" src=\"https:\/\/www.raven-engineering.com\/mx\/wp-content\/uploads\/sites\/2\/2018\/02\/vbm4-300x233.png\" \/><\/div><div class=\"single-slide\"><img decoding=\"async\" src=\"https:\/\/www.raven-engineering.com\/mx\/wp-content\/uploads\/sites\/2\/2018\/02\/vbm5-300x225.png\" \/><\/div><div class=\"single-slide\"><img decoding=\"async\" src=\"https:\/\/www.raven-engineering.com\/mx\/wp-content\/uploads\/sites\/2\/2018\/02\/Vertical-Fan-Balancer-228x300.png\" \/><\/div><\/div><\/div><\/div>\r\n  <\/div><div class=\"ezcol-divider\"><\/div>\r\n<\/div>","protected":false},"excerpt":{"rendered":"","protected":false},"author":1,"featured_media":15,"parent":0,"menu_order":0,"comment_status":"closed","ping_status":"closed","template":"page_templates\/balancing-page.php","meta":{"_monsterinsights_skip_tracking":false,"_monsterinsights_sitenote_active":false,"_monsterinsights_sitenote_note":"","_monsterinsights_sitenote_category":0,"footnotes":""},"class_list":["post-64","page","type-page","status-publish","has-post-thumbnail","hentry"],"_links":{"self":[{"href":"https:\/\/www.raven-engineering.com\/mx\/wp-json\/wp\/v2\/pages\/64","targetHints":{"allow":["GET"]}}],"collection":[{"href":"https:\/\/www.raven-engineering.com\/mx\/wp-json\/wp\/v2\/pages"}],"about":[{"href":"https:\/\/www.raven-engineering.com\/mx\/wp-json\/wp\/v2\/types\/page"}],"author":[{"embeddable":true,"href":"https:\/\/www.raven-engineering.com\/mx\/wp-json\/wp\/v2\/users\/1"}],"replies":[{"embeddable":true,"href":"https:\/\/www.raven-engineering.com\/mx\/wp-json\/wp\/v2\/comments?post=64"}],"version-history":[{"count":8,"href":"https:\/\/www.raven-engineering.com\/mx\/wp-json\/wp\/v2\/pages\/64\/revisions"}],"predecessor-version":[{"id":241,"href":"https:\/\/www.raven-engineering.com\/mx\/wp-json\/wp\/v2\/pages\/64\/revisions\/241"}],"wp:featuredmedia":[{"embeddable":true,"href":"https:\/\/www.raven-engineering.com\/mx\/wp-json\/wp\/v2\/media\/15"}],"wp:attachment":[{"href":"https:\/\/www.raven-engineering.com\/mx\/wp-json\/wp\/v2\/media?parent=64"}],"curies":[{"name":"wp","href":"https:\/\/api.w.org\/{rel}","templated":true}]}}