{"id":26,"date":"2018-02-21T16:59:04","date_gmt":"2018-02-21T16:59:04","guid":{"rendered":"http:\/\/www.raven-engineering.com\/dev\/mx\/?page_id=26"},"modified":"2018-04-17T20:46:25","modified_gmt":"2018-04-17T20:46:25","slug":"sobre-nosotros","status":"publish","type":"page","link":"https:\/\/www.raven-engineering.com\/mx\/sobre-nosotros\/","title":{"rendered":"Sobre Nosotros"},"content":{"rendered":"<div class=\"about-us-lines\">\r\n  <p>&#8220;Si usted no est\u00e1 utilizando los productos de Raven Engineering, se est\u00e1 perdiendo de la oportunidad de ofrecerle los mejores productos a sus clientes.&#8221;<\/p>\r\n\r\n  <p>Raven Engineering es una compa\u00f1\u00eda diferente de las dem\u00e1s. Nosotros trabajamos sin restricciones corporativas, lo cual nos da la habilidad de enfocarnos completamente en las necesidades de nuestros clientes. No estamos restringidos a proveer nadamas ciertos productos o servicios a ciertos clientes. Si usted lo necesita, nosotros le queremos ayudar! Somos un grupo de intelectuales con ideolog\u00edas similares, y trabajamos juntos para resolver sus inquietudes en relaci\u00f3n a sus procesos de producci\u00f3n y de manufacturado.<\/p>\r\n\r\n  <p>Desde el a\u00f1o 1997, Raven Engineering se ha reinventado para proveer soluciones de balanceo,  ejes de transmisi\u00f3n, y sistemas de calibraci\u00f3n. Tenemos empleados con experiencia, una l\u00ednea de productos amplia, servicios de balanceo interno, servicios de balanceo en sitio, y el manufacturado de ejes de transmisi\u00f3n y productos de ingenier\u00eda. Mientras sol\u00edamos ser parte de una de las divisiones m\u00e1s antiguas de sistemas de balanceo en Norteam\u00e9rica, ahora somos orgullosos de los cientos de instalaciones maquinarias y de literalmente miles de cig\u00fce\u00f1ales y componentes de l\u00edneas motrices que hemos vendido. Estamos ubicados en Lake Orion, Michigan, donde se encuentra el coraz\u00f3n de la regi\u00f3n de manufacturaci\u00f3n en los Estados Unidos.<\/p>\r\n\r\n  <p>Nosotros aprendimos hace tiempo que el \u00e9xito requiere productos de m\u00e1xima calidad con precios competitivos y tiempo de entrega m\u00ednimo. Nuestro \u00e9xito es el resultado de la integraci\u00f3n de ingenier\u00eda dom\u00e9stica y experiencia con trabajos de balanceo, adem\u00e1s de la colaboraci\u00f3n con nuestros compa\u00f1eros que resulta ser eficiente y de bajo costo. Nos rehusamos a transigir la calidad de nuestros productos de l\u00edneas motrices, y nos comprometemos a utilizar componentes y procesos de manufacturado de solamente la m\u00e1xima calidad para asegurarnos de su satisfacci\u00f3n.<\/p>\r\n\r\n  <h3 class=\"subtitle\">Declaraci\u00f3n de la Misi\u00f3n de REI<\/h3>\r\n  <p>Nuestra misi\u00f3n es facilitar la creaci\u00f3n de productos de alta calidad para nuestros clientes. Suministramos productos de balanceo y servicios que claramente proporcionan alto valor, tecnolog\u00eda superior, y rendimiento m\u00e1ximo. Adem\u00e1s, nos esforzamos para proveer una experiencia segura y satisfactoria basada en trabajo en equipo \u00e9tico y capaz. Nuestras acciones son y continuar\u00e1n siendo guiadas por los est\u00e1ndares \u00e9ticos, profesionales, y personales m\u00e1s altos.<\/p>\r\n<\/div>","protected":false},"excerpt":{"rendered":"&#8220;Si usted no est\u00e1 utilizando los productos de Raven Engineering, se est\u00e1 perdiendo de la oportunidad de ofrecerle los mejores productos a sus clientes.&#8221; Raven Engineering es una compa\u00f1\u00eda diferente de las dem\u00e1s. Nosotros trabajamos sin restricciones corporativas, lo cual nos da la habilidad de enfocarnos completamente en las necesidades de nuestros clientes. No estamos [&hellip;]","protected":false},"author":1,"featured_media":15,"parent":0,"menu_order":0,"comment_status":"closed","ping_status":"closed","template":"page_templates\/internal-page.php","meta":{"_monsterinsights_skip_tracking":false,"_monsterinsights_sitenote_active":false,"_monsterinsights_sitenote_note":"","_monsterinsights_sitenote_category":0,"footnotes":""},"class_list":["post-26","page","type-page","status-publish","has-post-thumbnail","hentry"],"_links":{"self":[{"href":"https:\/\/www.raven-engineering.com\/mx\/wp-json\/wp\/v2\/pages\/26","targetHints":{"allow":["GET"]}}],"collection":[{"href":"https:\/\/www.raven-engineering.com\/mx\/wp-json\/wp\/v2\/pages"}],"about":[{"href":"https:\/\/www.raven-engineering.com\/mx\/wp-json\/wp\/v2\/types\/page"}],"author":[{"embeddable":true,"href":"https:\/\/www.raven-engineering.com\/mx\/wp-json\/wp\/v2\/users\/1"}],"replies":[{"embeddable":true,"href":"https:\/\/www.raven-engineering.com\/mx\/wp-json\/wp\/v2\/comments?post=26"}],"version-history":[{"count":3,"href":"https:\/\/www.raven-engineering.com\/mx\/wp-json\/wp\/v2\/pages\/26\/revisions"}],"predecessor-version":[{"id":95,"href":"https:\/\/www.raven-engineering.com\/mx\/wp-json\/wp\/v2\/pages\/26\/revisions\/95"}],"wp:featuredmedia":[{"embeddable":true,"href":"https:\/\/www.raven-engineering.com\/mx\/wp-json\/wp\/v2\/media\/15"}],"wp:attachment":[{"href":"https:\/\/www.raven-engineering.com\/mx\/wp-json\/wp\/v2\/media?parent=26"}],"curies":[{"name":"wp","href":"https:\/\/api.w.org\/{rel}","templated":true}]}}