{"id":14,"date":"2018-02-21T14:27:55","date_gmt":"2018-02-21T14:27:55","guid":{"rendered":"http:\/\/www.raven-engineering.com\/dev\/mx\/?page_id=14"},"modified":"2018-04-17T20:46:38","modified_gmt":"2018-04-17T20:46:38","slug":"tecnologia-de-presion","status":"publish","type":"page","link":"https:\/\/www.raven-engineering.com\/mx\/tecnologia-de-presion\/","title":{"rendered":"Tecnolog\u00eda de Presi\u00f3n"},"content":{"rendered":"<div class=\"container table center-master\">\r\n  <div class=\"ezcol ezcol-two-third\">\r\n    <h1 class=\"press-title\">Center Master<\/h1>\r\n    <h2 class=\"subtitle gray\">Alineaci\u00f3n Autom\u00e1tica y M\u00e1quinas de Correcci\u00f3n<\/h2>\r\n    <h3>CENTER MASTER<\/h3>\r\n    <img decoding=\"async\" src=\"https:\/\/www.raven-engineering.com\/wp-content\/uploads\/2018\/02\/Center-Master.png\" class=\"float-img\" width=\"265\" \/>\r\n    <p class=\"paragraph-align\">Nuestros aparatos exclusivos de marca Center Master compensan los errores posicionales y\/o angulares, los cuales contribuyen a los errores en ajustes de presi\u00f3n, da\u00f1o a las m\u00e1quinas, errores en la maquinaria, y calidad baja.<\/p>\r\n    <a href=\"https:\/\/www.raven-engineering.com\/wp-content\/uploads\/2018\/02\/CenterMaster_ENG.pdf\" class=\"catalog-link\" target=\"_blank\"><img decoding=\"async\" src=\"https:\/\/www.raven-engineering.com\/wp-content\/uploads\/2018\/02\/file_extension_pdf.png\" \/>Descarga Nuestro Cat\u00e1logo de Productos<\/a>\r\n    <img decoding=\"async\" src=\"https:\/\/www.raven-engineering.com\/wp-content\/uploads\/2018\/02\/Center-Master-Top.png\" class=\"center-position-img\" \/>\r\n    <img decoding=\"async\" src=\"https:\/\/www.raven-engineering.com\/wp-content\/uploads\/2018\/02\/Center-Master-Line-Up.png\" class=\"center-position-img-bottom\" \/>\r\n  <\/div><div class=\"ezcol ezcol-one-third ezcol-last\">\r\n  <\/div><div class=\"ezcol-divider\"><\/div>\r\n<\/div>\r\n\r\n<div class=\"gear-divider\"><hr\/><\/div>\r\n\r\n<div class=\"container table ac-servo-press\">\r\n  <div class=\"ezcol ezcol-two-third\">\r\n    <h1 class=\"press-title\">AC Servo Press (FlexPress) EM\/SEM<\/h1>\r\n    <h2 class=\"subtitle gray\">AC Servo Press<\/h2>\r\n    <h3>FlexPress EM\/SEM<\/h3>\r\n    <img decoding=\"async\" src=\"https:\/\/www.raven-engineering.com\/wp-content\/uploads\/2018\/02\/FlexPress.png\" class=\"float-img\" width=\"265\" \/>\r\n    <p class=\"paragraph-align\">La serie FlexPress EM\/SEM es dirigida precisamente por un motor AC Servo y un sistema de tornillo de bola. FlexPress es una manera efectiva para hacer ajustes de presi\u00f3n para cojinetes, sellos de aceite, pasadores, ejes de transmisi\u00f3n, engranajes, etc. Puede ser utilizado tambi\u00e9n para hacer remaches, estampados, doblajes, inyecciones, etc.<\/p>\r\n    <a href=\"https:\/\/www.raven-engineering.com\/wp-content\/uploads\/2018\/02\/ACServopress_EM-Series_ENG.pdf\" class=\"catalog-link\" target=\"_blank\"><img decoding=\"async\" src=\"https:\/\/www.raven-engineering.com\/wp-content\/uploads\/2018\/02\/file_extension_pdf.png\" \/>Descarga Nuestro Cat\u00e1logo de Productos<\/a>\r\n    <div class=\"flexpress-lists\">\r\n      <div class=\"precision-list\">\r\n        <h3>Precisi\u00f3n<\/h3>\r\n        <ul>\r\n          <li>Repetibilidad: +\/- 0.01mm<\/li>\r\n          <li>Ajuste de Posici\u00f3n M\u00ednima: 0.001mm<\/li>\r\n          <li>Ajuste de Fuerza: < 0.5%<\/li>\r\n        <\/ul>\r\n      <\/div>\r\n      <div class=\"various-list\">\r\n        <h3>V\u00e1rios Modelos<\/h3>\r\n        <ul>\r\n          <li>Empuje M\u00e1ximo: 2kN-100kN (Stock)<\/li>\r\n          <li>Personalizaci\u00f3n:  150, 200, 300, and 500kN<\/li>\r\n          <li>Velocidad: 83.3mm\/s \u2013 185.2mm\/s<\/li>\r\n          <li>Ramada: 150 \u2013 400mm<\/li>\r\n          <li>C&#038;M or Allen-Bradley Motor\/Other<\/li>\r\n        <\/ul>\r\n      <\/div>\r\n    <\/div>\r\n    <div class=\"monitoring-program\">\r\n      <h3>Programa de Monitoreo<\/h3>\r\n      <img decoding=\"async\" src=\"https:\/\/www.raven-engineering.com\/wp-content\/uploads\/2018\/02\/Monitoring-Program.png\" class=\"monitoring-img long-img\" \/>\r\n      <ul>\r\n        <li>Control de calidad en tiempo real<\/li>\r\n        <li>Interfaz intuitivo para facilitar su uso<\/li>\r\n        <li>An\u00e1lisis de informaci\u00f3n superior para controlar calidad<\/li>\r\n        <li>Detecta puntos cr\u00edticos, carga ubicaciones asignadas, puntos de contacto, etc.<\/li>\r\n      <\/ul>\r\n    <\/div>\r\n  <\/div><div class=\"ezcol ezcol-one-third ezcol-last\">\r\n\r\n  <\/div><div class=\"ezcol-divider\"><\/div>\r\n<\/div>\r\n\r\n<div class=\"gear-divider\"><hr\/><\/div>\r\n\r\n<div class=\"container table bench-servo-press\">\r\n  <div class=\"ezcol ezcol-two-third\">\r\n    <h1 class=\"press-title\">Bench Servo Press (FlexPress BEM)<\/h1>\r\n    <h2 class=\"subtitle gray\">Bench Servo Press<\/h2>\r\n    <h3>FlexPress BEM<\/h3>\r\n    <img decoding=\"async\" src=\"https:\/\/www.raven-engineering.com\/wp-content\/uploads\/2018\/02\/Bench-Servo-Press.png\" class=\"float-img\" width=\"265\" \/>\r\n    <p class=\"paragraph-align\">La serie FlexPress BEM es una servo press de banco superior que es ideal para l\u00edneas de producci\u00f3n de bajo volumen donde un sistema completamente aut\u00f3nomo ser\u00eda excesivo.<\/p>\r\n    <a href=\"https:\/\/www.raven-engineering.com\/wp-content\/uploads\/2018\/02\/ACServopress_BCM-Series_ENG.pdf\" class=\"catalog-link\" target=\"_blank\"><img decoding=\"async\" src=\"https:\/\/www.raven-engineering.com\/wp-content\/uploads\/2018\/02\/file_extension_pdf.png\" \/>Descarga Nuestro Cat\u00e1logo de Productos<\/a>\r\n    <div class=\"flexpress-lists\">\r\n      <div class=\"precision-list\">\r\n        <h3>Precisi\u00f3n<\/h3>\r\n        <ul>\r\n          <li>Repetibilidad:  +\/- 0.01mm<\/li>\r\n          <li>Ajuste de Posici\u00f3n M\u00ednima: 0.001mm<\/li>\r\n          <li>Unidad Fija de Fuerza: 10N<\/li>\r\n        <\/ul>\r\n      <\/div>\r\n      <div class=\"reduced-list\">\r\n        <h3>Invertimiento Reducido<\/h3>\r\n        <ul>\r\n          <li>Econ\u00f3micamente Efficiente<\/li>\r\n          <li>Costo Bajo de Mantenimiento y Operaci\u00f3n<\/li>\r\n        <\/ul>\r\n      <\/div>\r\n    <\/div>\r\n    <div class=\"flexpress-lists\">\r\n      <div class=\"convenience-list\">\r\n        <h3>Uso Facilitado<\/h3>\r\n        <ul>\r\n          <li>Instalaci\u00f3n Conveniente<\/li>\r\n          <li>Movimientos Simples Desde el Panel de Control<\/li>\r\n          <li>Aprendizaje Facilitado por Medio de Jog<\/li>\r\n          <li>Pantalla Amplia e Interfaz Gr\u00e1fico<\/li>\r\n          <li>M\u00faltiples Sensores Para Asegurarse de la Seguridad<\/li>\r\n        <\/ul>\r\n      <\/div>\r\n      <div class=\"systematic-list\">\r\n        <h3>Administraci\u00f3n Sistem\u00e1tica<\/h3>\r\n        <ul>\r\n          <li>Manejo de Hasta 100 Modelos de Producci\u00f3n<\/li>\r\n          <li>Operaci\u00f3n Optimizada Para Cada Trabajo<\/li>\r\n          <li>Varias Condiciones de Determinaci\u00f3n, Pasa\/Falla<\/li>\r\n          <li>An\u00e1lisis de Informaci\u00f3n Superior<\/li>\r\n        <\/ul>\r\n      <\/div>\r\n    <\/div>\r\n    <img decoding=\"async\" src=\"https:\/\/www.raven-engineering.com\/mx\/wp-content\/uploads\/sites\/2\/2018\/02\/PSCPMP-MX.png\" class=\"long-img\" \/>\r\n  <\/div><div class=\"ezcol ezcol-one-third ezcol-last\">\r\n\r\n  <\/div><div class=\"ezcol-divider\"><\/div>\r\n<\/div>","protected":false},"excerpt":{"rendered":"","protected":false},"author":1,"featured_media":15,"parent":0,"menu_order":0,"comment_status":"closed","ping_status":"closed","template":"page_templates\/balancing-page.php","meta":{"_monsterinsights_skip_tracking":false,"_monsterinsights_sitenote_active":false,"_monsterinsights_sitenote_note":"","_monsterinsights_sitenote_category":0,"footnotes":""},"class_list":["post-14","page","type-page","status-publish","has-post-thumbnail","hentry"],"_links":{"self":[{"href":"https:\/\/www.raven-engineering.com\/mx\/wp-json\/wp\/v2\/pages\/14","targetHints":{"allow":["GET"]}}],"collection":[{"href":"https:\/\/www.raven-engineering.com\/mx\/wp-json\/wp\/v2\/pages"}],"about":[{"href":"https:\/\/www.raven-engineering.com\/mx\/wp-json\/wp\/v2\/types\/page"}],"author":[{"embeddable":true,"href":"https:\/\/www.raven-engineering.com\/mx\/wp-json\/wp\/v2\/users\/1"}],"replies":[{"embeddable":true,"href":"https:\/\/www.raven-engineering.com\/mx\/wp-json\/wp\/v2\/comments?post=14"}],"version-history":[{"count":8,"href":"https:\/\/www.raven-engineering.com\/mx\/wp-json\/wp\/v2\/pages\/14\/revisions"}],"predecessor-version":[{"id":244,"href":"https:\/\/www.raven-engineering.com\/mx\/wp-json\/wp\/v2\/pages\/14\/revisions\/244"}],"wp:featuredmedia":[{"embeddable":true,"href":"https:\/\/www.raven-engineering.com\/mx\/wp-json\/wp\/v2\/media\/15"}],"wp:attachment":[{"href":"https:\/\/www.raven-engineering.com\/mx\/wp-json\/wp\/v2\/media?parent=14"}],"curies":[{"name":"wp","href":"https:\/\/api.w.org\/{rel}","templated":true}]}}